{"id":3,"date":"2026-03-17T01:19:27","date_gmt":"2026-03-17T08:19:27","guid":{"rendered":"https:\/\/clothfactory.net\/?page_id=3"},"modified":"2026-03-18T00:54:30","modified_gmt":"2026-03-18T07:54:30","slug":"politica-de-privacidad","status":"publish","type":"page","link":"https:\/\/clothfactory.net\/es\/politica-de-privacidad\/","title":{"rendered":"Pol\u00edtica de privacidad"},"content":{"rendered":"<h1 class=\"wp-block-heading\">Qui\u00e9nes somos<\/h1>\n\n\n\n<p>La direcci\u00f3n de nuestro sitio web es: https:\/\/ClothFactory.net<\/p>\n\n\n\n<h1 class=\"wp-block-heading\">Comentarios<\/h1>\n\n\n\n<p><strong class=\"privacy-policy-tutorial\"> <\/strong>Cuando los visitantes dejan comentarios en el sitio, recopilamos los datos que aparecen en el formulario de comentarios, as\u00ed como la direcci\u00f3n IP del visitante y la cadena de agentes de usuario del navegador para ayudar a la detecci\u00f3n de spam.<\/p>\n\n\n\n<p>Una cadena anonimizada creada a partir de su direcci\u00f3n de correo electr\u00f3nico (tambi\u00e9n llamada hash) puede ser proporcionada al servicio Gravatar para saber si usted la est\u00e1 utilizando. La pol\u00edtica de privacidad del servicio Gravatar est\u00e1 disponible aqu\u00ed: https:\/\/automattic.com\/privacy\/. Tras la aprobaci\u00f3n de tu comentario, tu foto de perfil ser\u00e1 visible al p\u00fablico en el contexto de tu comentario.<\/p>\n\n\n\n<h1 class=\"wp-block-heading\">Medios de comunicaci\u00f3n<\/h1>\n\n\n\n<p><strong class=\"privacy-policy-tutorial\"> <\/strong>Si subes im\u00e1genes al sitio web, debes evitar subir im\u00e1genes con datos de localizaci\u00f3n incrustados (EXIF GPS) incluidos. Los visitantes del sitio web pueden descargar y extraer cualquier dato de localizaci\u00f3n de las im\u00e1genes del sitio web.<\/p>\n\n\n\n<h1 class=\"wp-block-heading\">Cookies<\/h1>\n\n\n\n<p><strong class=\"privacy-policy-tutorial\"> <\/strong>Si deja un comentario en nuestro sitio, puede optar por guardar su nombre, direcci\u00f3n de correo electr\u00f3nico y sitio web en cookies. Esto es para su comodidad, para que no tenga que volver a rellenar sus datos cuando deje otro comentario. Estas cookies durar\u00e1n un a\u00f1o.<\/p>\n\n\n\n<p>Si visita nuestra p\u00e1gina de inicio de sesi\u00f3n, instalaremos una cookie temporal para determinar si su navegador acepta cookies. Esta cookie no contiene datos personales y se desecha al cerrar el navegador.<\/p>\n\n\n\n<p>Cuando inicie sesi\u00f3n, tambi\u00e9n instalaremos varias cookies para guardar su informaci\u00f3n de inicio de sesi\u00f3n y sus opciones de visualizaci\u00f3n en pantalla. Las cookies de inicio de sesi\u00f3n duran dos d\u00edas, y las de opciones de pantalla, un a\u00f1o. Si selecciona \"Recordarme\", sus datos de acceso permanecer\u00e1n durante dos semanas. Si cierra la sesi\u00f3n de su cuenta, se eliminar\u00e1n las cookies de inicio de sesi\u00f3n.<\/p>\n\n\n\n<p>Si edita o publica un art\u00edculo, se guardar\u00e1 una cookie adicional en su navegador. Esta cookie no incluye datos personales y simplemente indica el ID de publicaci\u00f3n del art\u00edculo que acaba de editar. Caduca al cabo de 1 d\u00eda.<\/p>\n\n\n\n<h2 class=\"wp-block-heading\">Contenido incrustado de otros sitios web<\/h2>\n\n\n\n<p>Los art\u00edculos de este sitio pueden incluir contenido incrustado (por ejemplo, v\u00eddeos, im\u00e1genes, art\u00edculos, etc.). El contenido incrustado de otros sitios web se comporta exactamente igual que si el visitante hubiera visitado el otro sitio web.<\/p>\n\n\n\n<p>Estos sitios web pueden recopilar datos sobre usted, utilizar cookies, incrustar seguimiento adicional de terceros y supervisar su interacci\u00f3n con ese contenido incrustado, incluido el seguimiento de su interacci\u00f3n con el contenido incrustado si tiene una cuenta y ha iniciado sesi\u00f3n en ese sitio web.<\/p>\n\n\n\n<h1 class=\"wp-block-heading\">Con qui\u00e9n compartimos sus datos<\/h1>\n\n\n\n<p>Si solicita un restablecimiento de contrase\u00f1a, su direcci\u00f3n IP se incluir\u00e1 en el correo electr\u00f3nico de restablecimiento. <\/p>\n\n\n\n<h1 class=\"wp-block-heading\">Cu\u00e1nto tiempo conservamos sus datos<\/h1>\n\n\n\n<p><strong class=\"privacy-policy-tutorial\"> <\/strong>Si deja un comentario, el comentario y sus metadatos se conservan indefinidamente. As\u00ed podemos reconocer y aprobar autom\u00e1ticamente cualquier comentario posterior en lugar de retenerlo en una cola de moderaci\u00f3n.<\/p>\n\n\n\n<p>En el caso de los usuarios que se registran en nuestro sitio web (si los hay), tambi\u00e9n almacenamos la informaci\u00f3n personal que proporcionan en su perfil de usuario. Todos los usuarios pueden ver, editar o borrar su informaci\u00f3n personal en cualquier momento (excepto que no pueden cambiar su nombre de usuario). Los administradores del sitio web tambi\u00e9n pueden ver y editar esa informaci\u00f3n.<\/p>\n\n\n\n<h1 class=\"wp-block-heading\">Qu\u00e9 derechos tiene sobre sus datos<\/h1>\n\n\n\n<p><strong class=\"privacy-policy-tutorial\"><\/strong>If you have an account on this site, or have left comments, you can request to receive an exported file of the personal data we hold about you, including any data you have provided to us. You can also request that we erase any personal data we hold about you. This does not include any data we are obliged to keep for administrative, <\/p>\n\n\n\n<h1 class=\"wp-block-heading\">D\u00f3nde se env\u00edan sus datos<\/h1>\n\n\n\n<p><strong class=\"privacy-policy-tutorial\"> <\/strong>Los comentarios de los visitantes pueden ser controlados por un servicio automatizado de detecci\u00f3n de spam.<\/p>\n\n\n\n<h1 class=\"wp-block-heading\">When you submit a form<\/h1>\n\n\n\n<p>When you submit a form through our advertisements on Facebook, we may collect personal information such as your name, email address, and company name.<\/p>\n\n\n\n<p>This information is used solely to contact you regarding fabric specifications, product information, and potential business cooperation.<\/p>\n\n\n\n<p>We do not sell or share your personal information with third parties. Your data will only be used for communication related to our products and services. <\/p>\n\n\n\n<p>If you have any questions regarding this privacy policy or how your data is used, you may contact us at:<\/p>\n\n\n\n<p>Email: Tiana@clothfactory.netlegal, or security purposes.<\/p>\n\n\n\n<h2 class=\"wp-block-heading\"><\/h2>","protected":false},"excerpt":{"rendered":"<p>Who we are Our website address is: https:\/\/ClothFactory.net Comments When visitors leave comments on the site we collect the data shown in the comments form, and also the visitor\u2019s IP address and browser user agent string to help spam detection. An anonymized string created from your email address (also called a hash) may be provided [&hellip;]<\/p>\n","protected":false},"author":1,"featured_media":0,"parent":0,"menu_order":0,"comment_status":"closed","ping_status":"closed","template":"","meta":{"_acf_changed":false,"footnotes":""},"class_list":["post-3","page","type-page","status-publish","hentry"],"acf":[],"_links":{"self":[{"href":"https:\/\/clothfactory.net\/es\/wp-json\/wp\/v2\/pages\/3","targetHints":{"allow":["GET"]}}],"collection":[{"href":"https:\/\/clothfactory.net\/es\/wp-json\/wp\/v2\/pages"}],"about":[{"href":"https:\/\/clothfactory.net\/es\/wp-json\/wp\/v2\/types\/page"}],"author":[{"embeddable":true,"href":"https:\/\/clothfactory.net\/es\/wp-json\/wp\/v2\/users\/1"}],"replies":[{"embeddable":true,"href":"https:\/\/clothfactory.net\/es\/wp-json\/wp\/v2\/comments?post=3"}],"version-history":[{"count":10,"href":"https:\/\/clothfactory.net\/es\/wp-json\/wp\/v2\/pages\/3\/revisions"}],"predecessor-version":[{"id":14070,"href":"https:\/\/clothfactory.net\/es\/wp-json\/wp\/v2\/pages\/3\/revisions\/14070"}],"wp:attachment":[{"href":"https:\/\/clothfactory.net\/es\/wp-json\/wp\/v2\/media?parent=3"}],"curies":[{"name":"wp","href":"https:\/\/api.w.org\/{rel}","templated":true}]}}