{"id":8773,"date":"2025-08-21T00:52:32","date_gmt":"2025-08-21T07:52:32","guid":{"rendered":"https:\/\/clothfactory.net\/product\/blue-92-polyester-8-spandex-cotton-polyester-blend-fabric-for-womens-tops-and-hoodies-stretch-textile-for-casual-wear\/"},"modified":"2025-09-01T23:54:55","modified_gmt":"2025-09-02T06:54:55","slug":"blue-92-polyester-8-spandex-cotton-polyester-blend-fabric-for-womens-tops-and-hoodies-stretch-textile-for-casual-wear","status":"publish","type":"product","link":"https:\/\/clothfactory.net\/es\/product\/blue-92-polyester-8-spandex-cotton-polyester-blend-fabric-for-womens-tops-and-hoodies-stretch-textile-for-casual-wear\/","title":{"rendered":"Azul 92% Poli\u00e9ster 8% Spandex Mezcla de Algod\u00f3n y Poli\u00e9ster Tejido para Tops y Sudaderas de Mujer, Tejido el\u00e1stico para ropa casual"},"content":{"rendered":"<div>\n<div>\n<div class=\"J_module\">\n<div class=\"icbu-pc-images magic-0\">\n<div>\n<div class=\"flex-layout-v\">\n<div class=\"flex-layout-h magic-0\">\n<div><img decoding=\"async\" data-src=\"\/\/sc04.alicdn.com\/kf\/Hdf6cd0b535a645b69ae80df321189721a\/285147063\/Hdf6cd0b535a645b69ae80df321189721a.jpg\" src=\"data:image\/svg+xml;base64,PHN2ZyB3aWR0aD0iMSIgaGVpZ2h0PSIxIiB4bWxucz0iaHR0cDovL3d3dy53My5vcmcvMjAwMC9zdmciPjwvc3ZnPg==\" class=\"lazyload\" \/><\/div>\n<\/div>\n<\/div>\n<\/div>\n<\/div>\n<\/div>\n<div class=\"J_module\">\n<div class=\"ife-detail-decorate-table\">\n<table class=\"hight-light-first-column all magic-3\">\n<tbody>\n<tr>\n<td colspan=\"1\" rowspan=\"1\">\n<div>Solidez del color:<\/div>\n<\/td>\n<td colspan=\"1\" rowspan=\"1\">\n<div>Norma AATCC 8 \/ ISO 105 X12<\/div>\n<\/td>\n<\/tr>\n<tr>\n<td colspan=\"1\" rowspan=\"1\">\n<div>Encogimiento:<\/div>\n<\/td>\n<td colspan=\"1\" rowspan=\"1\">\n<div>Norma AATCC 135 \/ ISO 6330<\/div>\n<\/td>\n<\/tr>\n<tr>\n<td colspan=\"1\" rowspan=\"1\">\n<div>Tolerancia de peso:<\/div>\n<\/td>\n<td colspan=\"1\" rowspan=\"1\">\n<div>0,01%-0,05%&lt;<\/div>\n<\/td>\n<\/tr>\n<tr>\n<td colspan=\"1\" rowspan=\"1\">\n<div>Certificaci\u00f3n de sostenibilidad:<\/div>\n<\/td>\n<td colspan=\"1\" rowspan=\"1\">\n<div>OEKO-TEX\u00ae Standard 100 \/ Global Recycled Standard (GRS)<\/div>\n<\/td>\n<\/tr>\n<tr>\n<td colspan=\"1\" rowspan=\"1\">\n<div><strong>\u00bfNo est\u00e1 seguro de si nuestro tejido cumple los requisitos de control de calidad de su marca?<\/strong><\/div>\n<\/td>\n<td colspan=\"1\" rowspan=\"1\">\n<div><strong><a href=\"https:\/\/clothfactory.net\/es\/contacto\/\" rel=\"noopener\" target=\"_blank\">Consejos de expertos<\/a><\/strong><\/div>\n<\/td>\n<\/tr>\n<tr>\n<td colspan=\"1\" rowspan=\"1\">\n<div><strong>N\u00famero\uff1a<\/strong><\/div>\n<\/td>\n<td colspan=\"1\" rowspan=\"1\">\n<div>88070#<\/div>\n<\/td>\n<\/tr>\n<tr>\n<td colspan=\"1\" rowspan=\"1\">\n<div><strong>Nombre\uff1a<\/strong><\/div>\n<\/td>\n<td colspan=\"1\" rowspan=\"1\">\n<div>Fine Imitation Cool Cotton<\/div>\n<\/td>\n<\/tr>\n<tr>\n<td colspan=\"1\" rowspan=\"1\">\n<div><strong>Peso\uff1a<\/strong><\/div>\n<\/td>\n<td colspan=\"1\" rowspan=\"1\">\n<div>170G<\/div>\n<\/td>\n<\/tr>\n<tr>\n<td colspan=\"1\" rowspan=\"1\">\n<div><strong>Anchura\uff1a<\/strong><\/div>\n<\/td>\n<td colspan=\"1\" rowspan=\"1\">\n<div>185CM<\/div>\n<\/td>\n<\/tr>\n<tr>\n<td colspan=\"1\" rowspan=\"1\">\n<div><strong>Composici\u00f3n\uff1a<\/strong><\/div>\n<\/td>\n<td colspan=\"1\" rowspan=\"1\">\n<div>100% Algod\u00f3n<\/div>\n<\/td>\n<\/tr>\n<tr>\n<td colspan=\"1\" rowspan=\"1\">\n<div><strong>Rendimiento del tejido\uff1a<\/strong><\/div>\n<\/td>\n<td colspan=\"1\" rowspan=\"1\">\n<div>1KG\u22483.3Meters<\/div>\n<\/td>\n<\/tr>\n<\/tbody>\n<\/table>\n<\/div>\n<\/div>\n<div class=\"J_module\">\n<div>Detalles Im\u00e1genes<\/div>\n<\/div>\n<div class=\"J_module\">\n<div class=\"icbu-pc-detailManyImage magic-9\">\n<div><img decoding=\"async\" data-src=\"\/\/sc04.alicdn.com\/kf\/Hd55c51bb2398451f87733105e8fabfa2u\/285147063\/Hd55c51bb2398451f87733105e8fabfa2u.jpg\" src=\"data:image\/svg+xml;base64,PHN2ZyB3aWR0aD0iMSIgaGVpZ2h0PSIxIiB4bWxucz0iaHR0cDovL3d3dy53My5vcmcvMjAwMC9zdmciPjwvc3ZnPg==\" class=\"lazyload\" \/><\/div>\n<div><img decoding=\"async\" data-src=\"\/\/sc04.alicdn.com\/kf\/H391cdf0379864bf2aab8a37112087eb8u\/285147063\/H391cdf0379864bf2aab8a37112087eb8u.jpg\" src=\"data:image\/svg+xml;base64,PHN2ZyB3aWR0aD0iMSIgaGVpZ2h0PSIxIiB4bWxucz0iaHR0cDovL3d3dy53My5vcmcvMjAwMC9zdmciPjwvc3ZnPg==\" class=\"lazyload\" \/><\/div>\n<div><img decoding=\"async\" data-src=\"\/\/sc04.alicdn.com\/kf\/Hac97f09f503d4f40a8fa5b301d392c5e1\/285147063\/Hac97f09f503d4f40a8fa5b301d392c5e1.jpg\" src=\"data:image\/svg+xml;base64,PHN2ZyB3aWR0aD0iMSIgaGVpZ2h0PSIxIiB4bWxucz0iaHR0cDovL3d3dy53My5vcmcvMjAwMC9zdmciPjwvc3ZnPg==\" class=\"lazyload\" \/><\/p>\n<div class=\"J_module\">\n<div class=\"icbu-pc-detailManyImage magic-9\">\n<\/div>\n<\/div>\n<div class=\"J_module\">\n<div class=\"icbu-pc-images magic-0\">\n<div>\n<div class=\"flex-layout-v\">\n<div class=\"flex-layout-h magic-0\">\n<div><img decoding=\"async\" data-src=\"\/\/sc04.alicdn.com\/kf\/H601688ac72fd4d8da6c7714632dcd114a\/285147063\/H601688ac72fd4d8da6c7714632dcd114a.jpg\" src=\"data:image\/svg+xml;base64,PHN2ZyB3aWR0aD0iMSIgaGVpZ2h0PSIxIiB4bWxucz0iaHR0cDovL3d3dy53My5vcmcvMjAwMC9zdmciPjwvc3ZnPg==\" class=\"lazyload\" \/><\/div>\n<\/div>\n<\/div>\n<\/div>\n<\/div>\n<\/div>\n<div class=\"J_module\">\n<div class=\"icbu-pc-images magic-0\">\n<div>\n<div class=\"flex-layout-v\">\n<div class=\"flex-layout-h magic-0\">\n<div><img decoding=\"async\" data-src=\"\/\/sc04.alicdn.com\/kf\/H8e847e3bdfed4d1e9d50d68acd712336O\/285147063\/H8e847e3bdfed4d1e9d50d68acd712336O.jpg\" src=\"data:image\/svg+xml;base64,PHN2ZyB3aWR0aD0iMSIgaGVpZ2h0PSIxIiB4bWxucz0iaHR0cDovL3d3dy53My5vcmcvMjAwMC9zdmciPjwvc3ZnPg==\" class=\"lazyload\" \/><\/div>\n<\/div>\n<\/div>\n<\/div>\n<\/div>\n<\/div>\n<div class=\"J_module\">\n<div class=\"detail-decorate-json-renderer-container\">\n<div>\n<div>\n<div>\n<div>Guangzhou Zhenzhi Intelligent Textile Co., Ltd., fundada en 2003, est\u00e1 situada en Guangdong, China - el coraz\u00f3n de la producci\u00f3n textil y centro de innovaci\u00f3n de China. Con m\u00e1s de 22 a\u00f1os de experiencia en el sector, estamos especializados en el dise\u00f1o, desarrollo y fabricaci\u00f3n de tejidos y g\u00e9neros de punto de algod\u00f3n, poli\u00e9ster, ray\u00f3n y mezclas.<\/p>\n<div>Nuestra f\u00e1brica ha superado la certificaci\u00f3n Gold Supplier de Alibaba, y est\u00e1 auditada y certificada por normas internacionales como ISO 9001, OEKO-TEX\u00ae STANDARD 100, SGS, Intertek y Bureau Veritas.<\/div>\n<div>Estamos orgullosos de ser un proveedor cualificado para m\u00faltiples marcas reconocidas internacionalmente, en las que conf\u00edan por nuestra calidad constante, producci\u00f3n sostenible y capacidades flexibles de OEM\/ODM.<\/div>\n<div>Con l\u00edneas de producci\u00f3n avanzadas, I+D propia y un estricto control de calidad en cada etapa, Zhenzhi Textile se compromete a ofrecer tejidos de alto rendimiento que satisfagan las necesidades cambiantes de los mercados mundiales.<\/div>\n<\/div>\n<\/div>\n<\/div>\n<\/div>\n<\/div>\n<\/div>\n<div class=\"J_module\">\n<div class=\"icbu-pc-images magic-0\">\n<div>\n<div class=\"flex-layout-v\">\n<div class=\"flex-layout-h magic-0\">\n<div><img decoding=\"async\" data-src=\"\/\/sc04.alicdn.com\/kf\/H9f7f7c99f4ae42189649a39eea77a8c5Y\/285147063\/H9f7f7c99f4ae42189649a39eea77a8c5Y.jpg\" src=\"data:image\/svg+xml;base64,PHN2ZyB3aWR0aD0iMSIgaGVpZ2h0PSIxIiB4bWxucz0iaHR0cDovL3d3dy53My5vcmcvMjAwMC9zdmciPjwvc3ZnPg==\" class=\"lazyload\" \/><\/div>\n<\/div>\n<\/div>\n<\/div>\n<\/div>\n<\/div>\n<div class=\"J_module\">\n<div class=\"icbu-pc-images magic-0\">\n<div>\n<div class=\"flex-layout-v\">\n<div class=\"flex-layout-h magic-0\">\n<div><img decoding=\"async\" data-src=\"\/\/sc04.alicdn.com\/kf\/H100d2e1b153149e18551d4ca634c447bA\/285147063\/H100d2e1b153149e18551d4ca634c447bA.jpg\" src=\"data:image\/svg+xml;base64,PHN2ZyB3aWR0aD0iMSIgaGVpZ2h0PSIxIiB4bWxucz0iaHR0cDovL3d3dy53My5vcmcvMjAwMC9zdmciPjwvc3ZnPg==\" class=\"lazyload\" \/><\/div>\n<\/div>\n<\/div>\n<\/div>\n<\/div>\n<\/div>\n<div class=\"J_module\">\n<div class=\"icbu-pc-images magic-0\">\n<div>\n<div class=\"flex-layout-v\">\n<div class=\"flex-layout-h magic-0\">\n<div><img decoding=\"async\" data-src=\"\/\/sc04.alicdn.com\/kf\/H2d4398c58f6a4edfbe9666899c1bafd0e\/285147063\/H2d4398c58f6a4edfbe9666899c1bafd0e.jpg\" src=\"data:image\/svg+xml;base64,PHN2ZyB3aWR0aD0iMSIgaGVpZ2h0PSIxIiB4bWxucz0iaHR0cDovL3d3dy53My5vcmcvMjAwMC9zdmciPjwvc3ZnPg==\" class=\"lazyload\" \/><\/div>\n<\/div>\n<\/div>\n<\/div>\n<\/div>\n<\/div>\n<div class=\"J_module\">\n<div>PREGUNTAS FRECUENTES<\/div>\n<\/div>\n<div class=\"J_module\">\n<div class=\"detail-decorate-json-renderer-container\">\n<div>\n<div>\n<div>\n<div>1. \u00bfPuedo obtener muestras de tejido?<br \/>S\u00ed. Ofrecemos muestras gratuitas en tama\u00f1o A4 para los tejidos en stock. S\u00f3lo tiene que pagar los gastos de env\u00edo. Para las muestras personalizadas, puede aplicarse una tarifa de muestra en funci\u00f3n de los requisitos.<\/p>\n<div>2. \u00bfCu\u00e1nto tiempo se tarda en hacer una muestra?<br \/>Las muestras A4 suelen estar listas en 1-2 d\u00edas. Las muestras para contadores suelen tardar entre 2 y 5 d\u00edas.<\/div>\n<div>3. \u00bfCu\u00e1l es su cantidad m\u00ednima de pedido (MOQ)?<br \/>* Stock listo: 10-100 metros por color<\/p>\n<p>* Pedido personalizado: 500-1000 metros por color<br \/>Si no puede cumplir el MOQ, por favor <strong>Contacto<\/strong> para discutir una soluci\u00f3n.<\/p>\n<p>4. \u00bfApoyan el servicio OEM\/ODM?<br \/>S\u00ed. Apoyamos la personalizaci\u00f3n OEM basada en sus dise\u00f1os, y tambi\u00e9n ofrecemos productos ODM desarrollados por nuestro equipo de dise\u00f1o.<\/div>\n<div>5. \u00bfCu\u00e1l es su plazo de entrega?<br \/>* Pedidos en stock: en 3-7 d\u00edas laborables<\/p>\n<p>* Pedidos personalizados: en un plazo de 15-25 d\u00edas, seg\u00fan la cantidad del pedido<br \/>El plazo de entrega puede prolongarse ligeramente durante las vacaciones.<\/p>\n<p>6. \u00bfQu\u00e9 m\u00e9todos de pago aceptan?<br \/>Aceptamos T\/T, Alibaba Trade Assurance, PayPal, L\/C a la vista, etc.<br \/>* Pedidos de muestras: pago completo<\/p>\n<p>* Pedidos al por mayor: 30% dep\u00f3sito, 70% saldo contra la copia BL (negociable)<\/p>\n<p>7. \u00bfA cu\u00e1nto ascienden los gastos de env\u00edo?<br \/>Los gastos de env\u00edo dependen del peso del paquete, el destino y el m\u00e9todo de env\u00edo. Para las muestras se suelen utilizar empresas de mensajer\u00eda urgente como DHL\/FedEx.<\/div>\n<div>8. \u00bfCu\u00e1les son sus principales mercados de exportaci\u00f3n?<br \/>Exportamos principalmente a Norteam\u00e9rica, Corea del Sur, Europa, Sudeste Asi\u00e1tico y Oriente Medio.<\/div>\n<div>9. \u00bfC\u00f3mo garantizan la calidad de los productos?<br \/>Utilizamos maquinaria importada de Alemania y realizamos un estricto control de calidad durante toda la producci\u00f3n. Inspecci\u00f3n 100% antes del env\u00edo. Se aceptan inspecciones de terceros (por ejemplo, SGS, ITS).<\/div>\n<div>10. \u00bfPueden reproducir tejidos a partir de mi muestra?<br \/>Por supuesto. Env\u00edenos su muestra o dise\u00f1o. Podemos desarrollar y proporcionar una muestra de acuerdo a sus necesidades.<\/div>\n<\/div>\n<\/div>\n<\/div>\n<\/div>\n<\/div>\n<\/div>\n<\/div>\n<\/div>\n<\/div>\n<\/div>\n<\/div>","protected":false},"excerpt":{"rendered":"<p>Color Fastness: AATCC 8 \/ ISO 105 X12 Standard Shrinkage: AATCC 135 \/ ISO 6330 Standard Weight Tolerance: 0.01%-0.05%&lt; Sustainability Certification: OEKO-TEX\u00ae Standard 100 \/\u00a0Global Recycled Standard (GRS) Not sure if our fabric matches your brand\u2019s QC requirement? Get Expert Advice Number\uff1a 88070# Name\uff1a Fine Imitation Cool Cotton Weight\uff1a 170G Width\uff1a 185CM Composition\uff1a 100% Cotton [&hellip;]<\/p>\n","protected":false},"featured_media":8766,"comment_status":"open","ping_status":"closed","template":"","meta":{"_acf_changed":false},"product_brand":[],"product_cat":[213,211],"product_tag":[],"class_list":{"0":"post-8773","1":"product","2":"type-product","3":"status-publish","4":"has-post-thumbnail","6":"product_cat-100-cotton","7":"product_cat-all-fabric","9":"first","10":"instock","11":"shipping-taxable","12":"purchasable","13":"product-type-variable"},"acf":[],"_links":{"self":[{"href":"https:\/\/clothfactory.net\/es\/wp-json\/wp\/v2\/product\/8773","targetHints":{"allow":["GET"]}}],"collection":[{"href":"https:\/\/clothfactory.net\/es\/wp-json\/wp\/v2\/product"}],"about":[{"href":"https:\/\/clothfactory.net\/es\/wp-json\/wp\/v2\/types\/product"}],"replies":[{"embeddable":true,"href":"https:\/\/clothfactory.net\/es\/wp-json\/wp\/v2\/comments?post=8773"}],"version-history":[{"count":3,"href":"https:\/\/clothfactory.net\/es\/wp-json\/wp\/v2\/product\/8773\/revisions"}],"predecessor-version":[{"id":11678,"href":"https:\/\/clothfactory.net\/es\/wp-json\/wp\/v2\/product\/8773\/revisions\/11678"}],"wp:featuredmedia":[{"embeddable":true,"href":"https:\/\/clothfactory.net\/es\/wp-json\/wp\/v2\/media\/8766"}],"wp:attachment":[{"href":"https:\/\/clothfactory.net\/es\/wp-json\/wp\/v2\/media?parent=8773"}],"wp:term":[{"taxonomy":"product_brand","embeddable":true,"href":"https:\/\/clothfactory.net\/es\/wp-json\/wp\/v2\/product_brand?post=8773"},{"taxonomy":"product_cat","embeddable":true,"href":"https:\/\/clothfactory.net\/es\/wp-json\/wp\/v2\/product_cat?post=8773"},{"taxonomy":"product_tag","embeddable":true,"href":"https:\/\/clothfactory.net\/es\/wp-json\/wp\/v2\/product_tag?post=8773"}],"curies":[{"name":"wp","href":"https:\/\/api.w.org\/{rel}","templated":true}]}}