{"id":3,"date":"2026-03-17T01:19:27","date_gmt":"2026-03-17T08:19:27","guid":{"rendered":"https:\/\/clothfactory.net\/?page_id=3"},"modified":"2026-03-18T00:54:30","modified_gmt":"2026-03-18T07:54:30","slug":"politique-de-confidentialite","status":"publish","type":"page","link":"https:\/\/clothfactory.net\/fr\/politique-de-confidentialite\/","title":{"rendered":"Politique de confidentialit\u00e9"},"content":{"rendered":"<h1 class=\"wp-block-heading\">Qui sommes-nous ?<\/h1>\n\n\n\n<p>L'adresse de notre site web est la suivante : https:\/\/ClothFactory.net<\/p>\n\n\n\n<h1 class=\"wp-block-heading\">Commentaires<\/h1>\n\n\n\n<p><strong class=\"privacy-policy-tutorial\"> <\/strong>Lorsque les visiteurs laissent des commentaires sur le site, nous recueillons les donn\u00e9es figurant dans le formulaire de commentaires, ainsi que l'adresse IP du visiteur et la cha\u00eene de l'agent utilisateur du navigateur afin de faciliter la d\u00e9tection des spams.<\/p>\n\n\n\n<p>Une cha\u00eene anonyme cr\u00e9\u00e9e \u00e0 partir de votre adresse \u00e9lectronique (\u00e9galement appel\u00e9e \"hash\") peut \u00eatre fournie au service Gravatar pour v\u00e9rifier si vous l'utilisez. La politique de confidentialit\u00e9 du service Gravatar est disponible ici : https:\/\/automattic.com\/privacy\/. Apr\u00e8s approbation de votre commentaire, votre photo de profil est visible par le public dans le contexte de votre commentaire.<\/p>\n\n\n\n<h1 class=\"wp-block-heading\">Les m\u00e9dias<\/h1>\n\n\n\n<p><strong class=\"privacy-policy-tutorial\"> <\/strong>Si vous t\u00e9l\u00e9chargez des images sur le site web, vous devez \u00e9viter de t\u00e9l\u00e9charger des images contenant des donn\u00e9es de localisation int\u00e9gr\u00e9es (EXIF GPS). Les visiteurs du site web peuvent t\u00e9l\u00e9charger et extraire toutes les donn\u00e9es de localisation des images sur le site web.<\/p>\n\n\n\n<h1 class=\"wp-block-heading\">Cookies<\/h1>\n\n\n\n<p><strong class=\"privacy-policy-tutorial\"> <\/strong>Si vous laissez un commentaire sur notre site, vous pouvez accepter que votre nom, votre adresse \u00e9lectronique et votre site web soient enregistr\u00e9s dans des cookies. Ces cookies sont destin\u00e9s \u00e0 vous faciliter la t\u00e2che, de sorte que vous n'ayez pas \u00e0 fournir \u00e0 nouveau vos coordonn\u00e9es lorsque vous laissez un autre commentaire. Ces cookies ont une dur\u00e9e de vie d'un an.<\/p>\n\n\n\n<p>Si vous visitez notre page de connexion, nous installerons un cookie temporaire pour d\u00e9terminer si votre navigateur accepte les cookies. Ce cookie ne contient aucune donn\u00e9e personnelle et est supprim\u00e9 lorsque vous fermez votre navigateur.<\/p>\n\n\n\n<p>Lorsque vous vous connectez, nous installons \u00e9galement plusieurs cookies pour enregistrer vos informations de connexion et vos choix d'affichage \u00e0 l'\u00e9cran. Les cookies de connexion ont une dur\u00e9e de vie de deux jours et les cookies d'options d'\u00e9cran ont une dur\u00e9e de vie d'un an. Si vous s\u00e9lectionnez l'option \"Se souvenir de moi\", votre connexion sera conserv\u00e9e pendant deux semaines. Si vous vous d\u00e9connectez de votre compte, les cookies de connexion seront supprim\u00e9s.<\/p>\n\n\n\n<p>Si vous modifiez ou publiez un article, un cookie suppl\u00e9mentaire sera enregistr\u00e9 dans votre navigateur. Ce cookie ne contient aucune donn\u00e9e personnelle et indique simplement l'identifiant de l'article que vous venez de modifier. Il expire apr\u00e8s 1 jour.<\/p>\n\n\n\n<h2 class=\"wp-block-heading\">Contenu int\u00e9gr\u00e9 d'autres sites web<\/h2>\n\n\n\n<p>Les articles de ce site peuvent contenir du contenu int\u00e9gr\u00e9 (par exemple des vid\u00e9os, des images, des articles, etc.). Le contenu int\u00e9gr\u00e9 provenant d'autres sites web se comporte exactement de la m\u00eame mani\u00e8re que si le visiteur avait visit\u00e9 l'autre site web.<\/p>\n\n\n\n<p>Ces sites web peuvent collecter des donn\u00e9es vous concernant, utiliser des cookies, int\u00e9grer un suivi suppl\u00e9mentaire par des tiers et surveiller votre interaction avec ce contenu int\u00e9gr\u00e9, y compris votre interaction avec le contenu int\u00e9gr\u00e9 si vous avez un compte et que vous \u00eates connect\u00e9 \u00e0 ce site web.<\/p>\n\n\n\n<h1 class=\"wp-block-heading\">Avec qui nous partageons vos donn\u00e9es<\/h1>\n\n\n\n<p>Si vous demandez une r\u00e9initialisation de votre mot de passe, votre adresse IP sera incluse dans l'e-mail de r\u00e9initialisation. <\/p>\n\n\n\n<h1 class=\"wp-block-heading\">Dur\u00e9e de conservation des donn\u00e9es<\/h1>\n\n\n\n<p><strong class=\"privacy-policy-tutorial\"> <\/strong>Si vous laissez un commentaire, celui-ci et ses m\u00e9tadonn\u00e9es sont conserv\u00e9s ind\u00e9finiment. Cela nous permet de reconna\u00eetre et d'approuver automatiquement les commentaires de suivi au lieu de les conserver dans une file d'attente de mod\u00e9ration.<\/p>\n\n\n\n<p>Pour les utilisateurs qui s'inscrivent sur notre site web (le cas \u00e9ch\u00e9ant), nous stockons \u00e9galement les informations personnelles qu'ils fournissent dans leur profil d'utilisateur. Tous les utilisateurs peuvent voir, modifier ou supprimer leurs informations personnelles \u00e0 tout moment (sauf qu'ils ne peuvent pas changer leur nom d'utilisateur). Les administrateurs du site web peuvent \u00e9galement consulter et modifier ces informations.<\/p>\n\n\n\n<h1 class=\"wp-block-heading\">Quels sont les droits dont vous disposez sur vos donn\u00e9es ?<\/h1>\n\n\n\n<p><strong class=\"privacy-policy-tutorial\"><\/strong>If you have an account on this site, or have left comments, you can request to receive an exported file of the personal data we hold about you, including any data you have provided to us. You can also request that we erase any personal data we hold about you. This does not include any data we are obliged to keep for administrative, <\/p>\n\n\n\n<h1 class=\"wp-block-heading\">O\u00f9 vos donn\u00e9es sont-elles envoy\u00e9es ?<\/h1>\n\n\n\n<p><strong class=\"privacy-policy-tutorial\"> <\/strong>Les commentaires des visiteurs peuvent \u00eatre v\u00e9rifi\u00e9s par un service automatis\u00e9 de d\u00e9tection des spams.<\/p>\n\n\n\n<h1 class=\"wp-block-heading\">When you submit a form<\/h1>\n\n\n\n<p>When you submit a form through our advertisements on Facebook, we may collect personal information such as your name, email address, and company name.<\/p>\n\n\n\n<p>This information is used solely to contact you regarding fabric specifications, product information, and potential business cooperation.<\/p>\n\n\n\n<p>We do not sell or share your personal information with third parties. Your data will only be used for communication related to our products and services. <\/p>\n\n\n\n<p>If you have any questions regarding this privacy policy or how your data is used, you may contact us at:<\/p>\n\n\n\n<p>Email: Tiana@clothfactory.netlegal, or security purposes.<\/p>\n\n\n\n<h2 class=\"wp-block-heading\"><\/h2>","protected":false},"excerpt":{"rendered":"<p>Who we are Our website address is: https:\/\/ClothFactory.net Comments When visitors leave comments on the site we collect the data shown in the comments form, and also the visitor\u2019s IP address and browser user agent string to help spam detection. An anonymized string created from your email address (also called a hash) may be provided [&hellip;]<\/p>\n","protected":false},"author":1,"featured_media":0,"parent":0,"menu_order":0,"comment_status":"closed","ping_status":"closed","template":"","meta":{"_acf_changed":false,"footnotes":""},"class_list":["post-3","page","type-page","status-publish","hentry"],"acf":[],"_links":{"self":[{"href":"https:\/\/clothfactory.net\/fr\/wp-json\/wp\/v2\/pages\/3","targetHints":{"allow":["GET"]}}],"collection":[{"href":"https:\/\/clothfactory.net\/fr\/wp-json\/wp\/v2\/pages"}],"about":[{"href":"https:\/\/clothfactory.net\/fr\/wp-json\/wp\/v2\/types\/page"}],"author":[{"embeddable":true,"href":"https:\/\/clothfactory.net\/fr\/wp-json\/wp\/v2\/users\/1"}],"replies":[{"embeddable":true,"href":"https:\/\/clothfactory.net\/fr\/wp-json\/wp\/v2\/comments?post=3"}],"version-history":[{"count":10,"href":"https:\/\/clothfactory.net\/fr\/wp-json\/wp\/v2\/pages\/3\/revisions"}],"predecessor-version":[{"id":14070,"href":"https:\/\/clothfactory.net\/fr\/wp-json\/wp\/v2\/pages\/3\/revisions\/14070"}],"wp:attachment":[{"href":"https:\/\/clothfactory.net\/fr\/wp-json\/wp\/v2\/media?parent=3"}],"curies":[{"name":"wp","href":"https:\/\/api.w.org\/{rel}","templated":true}]}}